{"id":13,"date":"2024-07-17T13:30:31","date_gmt":"2024-07-17T11:30:31","guid":{"rendered":"https:\/\/kenty.ea93.agency\/rovus\/beta\/cart\/"},"modified":"2024-07-17T13:32:34","modified_gmt":"2024-07-17T11:32:34","slug":"cart","status":"publish","type":"page","link":"https:\/\/rovus.hr\/en\/cart\/","title":{"rendered":"Cart"},"content":{"rendered":"<div data-block-name=\"woocommerce\/cart\" class=\"wp-block-woocommerce-cart alignwide is-loading\"><div data-block-name=\"woocommerce\/filled-cart-block\" class=\"wp-block-woocommerce-filled-cart-block\"><div data-block-name=\"woocommerce\/cart-items-block\" class=\"wp-block-woocommerce-cart-items-block\"><div data-block-name=\"woocommerce\/cart-line-items-block\" class=\"wp-block-woocommerce-cart-line-items-block\"><\/div>\n\n<div data-block-name=\"woocommerce\/cart-cross-sells-block\" class=\"wp-block-woocommerce-cart-cross-sells-block\"><h2 class=\"wp-block-heading has-large-font-size\">You may be interested in\u2026<\/h2>\n\n<div data-block-name=\"woocommerce\/cart-cross-sells-products-block\" class=\"wp-block-woocommerce-cart-cross-sells-products-block\"><\/div><\/div><\/div>\n\n<div data-block-name=\"woocommerce\/cart-totals-block\" class=\"wp-block-woocommerce-cart-totals-block\"><div data-block-name=\"woocommerce\/cart-order-summary-block\" class=\"wp-block-woocommerce-cart-order-summary-block\"><div data-block-name=\"woocommerce\/cart-order-summary-heading-block\" class=\"wp-block-woocommerce-cart-order-summary-heading-block\"><\/div><div data-block-name=\"woocommerce\/cart-order-summary-coupon-form-block\" class=\"wp-block-woocommerce-cart-order-summary-coupon-form-block\"><\/div><div data-block-name=\"woocommerce\/cart-order-summary-totals-block\" class=\"wp-block-woocommerce-cart-order-summary-totals-block\">\n<div data-block-name=\"woocommerce\/cart-order-summary-subtotal-block\" class=\"wp-block-woocommerce-cart-order-summary-subtotal-block\"><\/div>\n<div data-block-name=\"woocommerce\/cart-order-summary-discount-block\" class=\"wp-block-woocommerce-cart-order-summary-discount-block\"><\/div>\n<div data-block-name=\"woocommerce\/cart-order-summary-fee-block\" class=\"wp-block-woocommerce-cart-order-summary-fee-block\"><\/div>\n<div data-block-name=\"woocommerce\/cart-order-summary-shipping-block\" class=\"wp-block-woocommerce-cart-order-summary-shipping-block\"><\/div>\n<div data-block-name=\"woocommerce\/cart-order-summary-taxes-block\" class=\"wp-block-woocommerce-cart-order-summary-taxes-block\"><\/div><\/div><\/div>\n\n<div data-block-name=\"woocommerce\/cart-express-payment-block\" class=\"wp-block-woocommerce-cart-express-payment-block\"><\/div>\n\n<div data-block-name=\"woocommerce\/proceed-to-checkout-block\" class=\"wp-block-woocommerce-proceed-to-checkout-block\"><\/div>\n\n<div data-block-name=\"woocommerce\/cart-accepted-payment-methods-block\" class=\"wp-block-woocommerce-cart-accepted-payment-methods-block\"><\/div><\/div><\/div>\n\n<div data-block-name=\"woocommerce\/empty-cart-block\" class=\"wp-block-woocommerce-empty-cart-block\"><h2 class=\"wp-block-heading has-text-align-center with-empty-cart-icon wc-block-cart__empty-cart__title\">Your cart is currently empty!<\/h2>\n\n<hr class=\"wp-block-separator has-alpha-channel-opacity is-style-dots\"\/>\n\n<h2 class=\"wp-block-heading has-text-align-center\">New in store<\/h2>\n\n<div data-block-name=\"woocommerce\/product-new\" data-columns=\"4\" data-rows=\"1\" class=\"wc-block-grid wp-block-product-new wp-block-woocommerce-product-new wc-block-product-new has-4-columns\"><ul class=\"wc-block-grid__products\"><li class=\"wc-block-grid__product\"><span class=\"gtm4wp_productdata\" style=\"display:none; visibility:hidden;\" data-gtm4wp_product_data=\"{&quot;internal_id&quot;:1093,&quot;item_id&quot;:&quot;133045&quot;,&quot;item_name&quot;:&quot;Rovus DuoClean Cordless Vacuum Cleaner&quot;,&quot;sku&quot;:&quot;133045&quot;,&quot;price&quot;:0,&quot;stocklevel&quot;:null,&quot;stockstatus&quot;:&quot;instock&quot;,&quot;google_business_vertical&quot;:&quot;retail&quot;,&quot;item_category&quot;:&quot;Vacuum cleaners&quot;,&quot;id&quot;:&quot;133045&quot;,&quot;item_brand&quot;:&quot;&quot;,&quot;productlink&quot;:&quot;https:\\\/\\\/rovus.hr\\\/en\\\/product\\\/rovus-duoclean-cordless-vacuum-cleaner\\\/&quot;,&quot;item_list_name&quot;:&quot;General Product List&quot;,&quot;index&quot;:0,&quot;product_type&quot;:&quot;simple&quot;}\"><\/span>\n\t\t\t\t<a href=\"https:\/\/rovus.hr\/en\/product\/rovus-duoclean-cordless-vacuum-cleaner\/\" class=\"wc-block-grid__product-link\">\n\t\t\t\t\t\n\t\t\t\t\t<div class=\"wc-block-grid__product-image\"><img loading=\"lazy\" decoding=\"async\" width=\"300\" height=\"300\" src=\"https:\/\/rovus.hr\/wp-content\/uploads\/2024\/11\/Duoclean3-300x300.jpg\" class=\"attachment-woocommerce_thumbnail size-woocommerce_thumbnail\" alt=\"Rovus DuoClean Cordless Vacuum Cleaner\" srcset=\"https:\/\/rovus.hr\/wp-content\/uploads\/2024\/11\/Duoclean3-300x300.jpg 300w, https:\/\/rovus.hr\/wp-content\/uploads\/2024\/11\/Duoclean3-1024x1024.jpg 1024w, https:\/\/rovus.hr\/wp-content\/uploads\/2024\/11\/Duoclean3-150x150.jpg 150w, https:\/\/rovus.hr\/wp-content\/uploads\/2024\/11\/Duoclean3-768x768.jpg 768w, https:\/\/rovus.hr\/wp-content\/uploads\/2024\/11\/Duoclean3-600x600.jpg 600w, https:\/\/rovus.hr\/wp-content\/uploads\/2024\/11\/Duoclean3-100x100.jpg 100w, https:\/\/rovus.hr\/wp-content\/uploads\/2024\/11\/Duoclean3.jpg 1400w\" sizes=\"(max-width: 300px) 100vw, 300px\" \/><\/div>\n\t\t\t\t\t<div class=\"wc-block-grid__product-title\">Rovus DuoClean Cordless Vacuum Cleaner<\/div>\n\t\t\t\t<\/a>\n\t\t\t\t<div class=\"wc-block-grid__product-price price\"><\/div>\n\t\t\t\t\n\t\t\t\t<div class=\"wp-block-button wc-block-grid__product-add-to-cart\"><a href=\"https:\/\/rovus.hr\/en\/product\/rovus-duoclean-cordless-vacuum-cleaner\/\" aria-label=\"Read more about &ldquo;Rovus DuoClean Cordless Vacuum Cleaner&rdquo;\" data-quantity=\"1\" data-product_id=\"1093\" data-product_sku=\"133045\" data-price=\"0\" rel=\"nofollow\" class=\"wp-block-button__link  add_to_cart_button\">Read more<\/a><\/div>\n\t\t\t<\/li><li class=\"wc-block-grid__product\"><span class=\"gtm4wp_productdata\" style=\"display:none; visibility:hidden;\" data-gtm4wp_product_data=\"{&quot;internal_id&quot;:1079,&quot;item_id&quot;:&quot;2580&quot;,&quot;item_name&quot;:&quot;Handy heater Pure Warmth GS - heater&quot;,&quot;sku&quot;:&quot;2580&quot;,&quot;price&quot;:0,&quot;stocklevel&quot;:null,&quot;stockstatus&quot;:&quot;instock&quot;,&quot;google_business_vertical&quot;:&quot;retail&quot;,&quot;item_category&quot;:&quot;Heaters&quot;,&quot;id&quot;:&quot;2580&quot;,&quot;item_brand&quot;:&quot;&quot;,&quot;productlink&quot;:&quot;https:\\\/\\\/rovus.hr\\\/en\\\/product\\\/handy-heater-pure-warmth-gs-heater\\\/&quot;,&quot;item_list_name&quot;:&quot;General Product List&quot;,&quot;index&quot;:0,&quot;product_type&quot;:&quot;simple&quot;}\"><\/span>\n\t\t\t\t<a href=\"https:\/\/rovus.hr\/en\/product\/handy-heater-pure-warmth-gs-heater\/\" class=\"wc-block-grid__product-link\">\n\t\t\t\t\t\n\t\t\t\t\t<div class=\"wc-block-grid__product-image\"><img loading=\"lazy\" decoding=\"async\" width=\"300\" height=\"300\" src=\"https:\/\/rovus.hr\/wp-content\/uploads\/2024\/10\/Handy-Heater-Pure-Warmth-300x300.jpg\" class=\"attachment-woocommerce_thumbnail size-woocommerce_thumbnail\" alt=\"HANDY HEATER PURE WARMTH GS heater\" srcset=\"https:\/\/rovus.hr\/wp-content\/uploads\/2024\/10\/Handy-Heater-Pure-Warmth-300x300.jpg 300w, https:\/\/rovus.hr\/wp-content\/uploads\/2024\/10\/Handy-Heater-Pure-Warmth-1024x1024.jpg 1024w, https:\/\/rovus.hr\/wp-content\/uploads\/2024\/10\/Handy-Heater-Pure-Warmth-150x150.jpg 150w, https:\/\/rovus.hr\/wp-content\/uploads\/2024\/10\/Handy-Heater-Pure-Warmth-768x768.jpg 768w, https:\/\/rovus.hr\/wp-content\/uploads\/2024\/10\/Handy-Heater-Pure-Warmth-600x600.jpg 600w, https:\/\/rovus.hr\/wp-content\/uploads\/2024\/10\/Handy-Heater-Pure-Warmth-100x100.jpg 100w, https:\/\/rovus.hr\/wp-content\/uploads\/2024\/10\/Handy-Heater-Pure-Warmth.jpg 1200w\" sizes=\"(max-width: 300px) 100vw, 300px\" \/><\/div>\n\t\t\t\t\t<div class=\"wc-block-grid__product-title\">Handy heater Pure Warmth GS &#8211; heater<\/div>\n\t\t\t\t<\/a>\n\t\t\t\t<div class=\"wc-block-grid__product-price price\"><\/div>\n\t\t\t\t\n\t\t\t\t<div class=\"wp-block-button wc-block-grid__product-add-to-cart\"><a href=\"https:\/\/rovus.hr\/en\/product\/handy-heater-pure-warmth-gs-heater\/\" aria-label=\"Read more about &ldquo;Handy heater Pure Warmth GS - heater&rdquo;\" data-quantity=\"1\" data-product_id=\"1079\" data-product_sku=\"2580\" data-price=\"0\" rel=\"nofollow\" class=\"wp-block-button__link  add_to_cart_button\">Read more<\/a><\/div>\n\t\t\t<\/li><li class=\"wc-block-grid__product\"><span class=\"gtm4wp_productdata\" style=\"display:none; visibility:hidden;\" data-gtm4wp_product_data=\"{&quot;internal_id&quot;:1036,&quot;item_id&quot;:&quot;133041&quot;,&quot;item_name&quot;:&quot;Air Purifier&quot;,&quot;sku&quot;:&quot;133041&quot;,&quot;price&quot;:0,&quot;stocklevel&quot;:null,&quot;stockstatus&quot;:&quot;instock&quot;,&quot;google_business_vertical&quot;:&quot;retail&quot;,&quot;item_category&quot;:&quot;Air Purifiers&quot;,&quot;id&quot;:&quot;133041&quot;,&quot;item_brand&quot;:&quot;&quot;,&quot;productlink&quot;:&quot;https:\\\/\\\/rovus.hr\\\/en\\\/product\\\/prociscivac-zraka\\\/&quot;,&quot;item_list_name&quot;:&quot;General Product List&quot;,&quot;index&quot;:0,&quot;product_type&quot;:&quot;simple&quot;}\"><\/span>\n\t\t\t\t<a href=\"https:\/\/rovus.hr\/en\/product\/prociscivac-zraka\/\" class=\"wc-block-grid__product-link\">\n\t\t\t\t\t\n\t\t\t\t\t<div class=\"wc-block-grid__product-image\"><img loading=\"lazy\" decoding=\"async\" width=\"300\" height=\"300\" src=\"https:\/\/rovus.hr\/wp-content\/uploads\/2024\/10\/Air-Purifier-2-300x300.jpg\" class=\"attachment-woocommerce_thumbnail size-woocommerce_thumbnail\" alt=\"Pro\u010di\u0161\u0107iva\u010d zraka\" srcset=\"https:\/\/rovus.hr\/wp-content\/uploads\/2024\/10\/Air-Purifier-2-300x300.jpg 300w, https:\/\/rovus.hr\/wp-content\/uploads\/2024\/10\/Air-Purifier-2-1024x1024.jpg 1024w, https:\/\/rovus.hr\/wp-content\/uploads\/2024\/10\/Air-Purifier-2-150x150.jpg 150w, https:\/\/rovus.hr\/wp-content\/uploads\/2024\/10\/Air-Purifier-2-768x768.jpg 768w, https:\/\/rovus.hr\/wp-content\/uploads\/2024\/10\/Air-Purifier-2-600x600.jpg 600w, https:\/\/rovus.hr\/wp-content\/uploads\/2024\/10\/Air-Purifier-2-100x100.jpg 100w, https:\/\/rovus.hr\/wp-content\/uploads\/2024\/10\/Air-Purifier-2.jpg 1200w\" sizes=\"(max-width: 300px) 100vw, 300px\" \/><\/div>\n\t\t\t\t\t<div class=\"wc-block-grid__product-title\">Air Purifier<\/div>\n\t\t\t\t<\/a>\n\t\t\t\t<div class=\"wc-block-grid__product-price price\"><\/div>\n\t\t\t\t\n\t\t\t\t<div class=\"wp-block-button wc-block-grid__product-add-to-cart\"><a href=\"https:\/\/rovus.hr\/en\/product\/prociscivac-zraka\/\" aria-label=\"Read more about &ldquo;Air Purifier&rdquo;\" data-quantity=\"1\" data-product_id=\"1036\" data-product_sku=\"133041\" data-price=\"0\" rel=\"nofollow\" class=\"wp-block-button__link  add_to_cart_button\">Read more<\/a><\/div>\n\t\t\t<\/li><li class=\"wc-block-grid__product\"><span class=\"gtm4wp_productdata\" style=\"display:none; visibility:hidden;\" data-gtm4wp_product_data=\"{&quot;internal_id&quot;:1035,&quot;item_id&quot;:&quot;133047&quot;,&quot;item_name&quot;:&quot;PowerSweep Cordless Vacuum Cleaner&quot;,&quot;sku&quot;:&quot;133047&quot;,&quot;price&quot;:0,&quot;stocklevel&quot;:null,&quot;stockstatus&quot;:&quot;instock&quot;,&quot;google_business_vertical&quot;:&quot;retail&quot;,&quot;item_category&quot;:&quot;Vacuum cleaners&quot;,&quot;id&quot;:&quot;133047&quot;,&quot;item_brand&quot;:&quot;&quot;,&quot;productlink&quot;:&quot;https:\\\/\\\/rovus.hr\\\/en\\\/product\\\/powersweep-cordless-vacuum-cleaner\\\/&quot;,&quot;item_list_name&quot;:&quot;General Product List&quot;,&quot;index&quot;:0,&quot;product_type&quot;:&quot;simple&quot;}\"><\/span>\n\t\t\t\t<a href=\"https:\/\/rovus.hr\/en\/product\/powersweep-cordless-vacuum-cleaner\/\" class=\"wc-block-grid__product-link\">\n\t\t\t\t\t\n\t\t\t\t\t<div class=\"wc-block-grid__product-image\"><img loading=\"lazy\" decoding=\"async\" width=\"300\" height=\"300\" src=\"https:\/\/rovus.hr\/wp-content\/uploads\/2024\/10\/PowerSweep-Cordless-Vacuum-Cleaner-300x300.jpg\" class=\"attachment-woocommerce_thumbnail size-woocommerce_thumbnail\" alt=\"PowerSweep Cordless Vacuum Cleaner\" srcset=\"https:\/\/rovus.hr\/wp-content\/uploads\/2024\/10\/PowerSweep-Cordless-Vacuum-Cleaner-300x300.jpg 300w, https:\/\/rovus.hr\/wp-content\/uploads\/2024\/10\/PowerSweep-Cordless-Vacuum-Cleaner-1024x1024.jpg 1024w, https:\/\/rovus.hr\/wp-content\/uploads\/2024\/10\/PowerSweep-Cordless-Vacuum-Cleaner-150x150.jpg 150w, https:\/\/rovus.hr\/wp-content\/uploads\/2024\/10\/PowerSweep-Cordless-Vacuum-Cleaner-768x768.jpg 768w, https:\/\/rovus.hr\/wp-content\/uploads\/2024\/10\/PowerSweep-Cordless-Vacuum-Cleaner-600x600.jpg 600w, https:\/\/rovus.hr\/wp-content\/uploads\/2024\/10\/PowerSweep-Cordless-Vacuum-Cleaner-100x100.jpg 100w, https:\/\/rovus.hr\/wp-content\/uploads\/2024\/10\/PowerSweep-Cordless-Vacuum-Cleaner.jpg 1200w\" sizes=\"(max-width: 300px) 100vw, 300px\" \/><\/div>\n\t\t\t\t\t<div class=\"wc-block-grid__product-title\">PowerSweep Cordless Vacuum Cleaner<\/div>\n\t\t\t\t<\/a>\n\t\t\t\t<div class=\"wc-block-grid__product-price price\"><\/div>\n\t\t\t\t\n\t\t\t\t<div class=\"wp-block-button wc-block-grid__product-add-to-cart\"><a href=\"https:\/\/rovus.hr\/en\/product\/powersweep-cordless-vacuum-cleaner\/\" aria-label=\"Read more about &ldquo;PowerSweep Cordless Vacuum Cleaner&rdquo;\" data-quantity=\"1\" data-product_id=\"1035\" data-product_sku=\"133047\" data-price=\"0\" rel=\"nofollow\" class=\"wp-block-button__link  add_to_cart_button\">Read more<\/a><\/div>\n\t\t\t<\/li><\/ul><\/div><\/div><\/div>","protected":false},"excerpt":{"rendered":"","protected":false},"author":1,"featured_media":0,"parent":0,"menu_order":0,"comment_status":"closed","ping_status":"closed","template":"","meta":{"_acf_changed":false,"footnotes":""},"class_list":["post-13","page","type-page","status-publish","hentry"],"acf":[],"yoast_head":"<!-- This site is optimized with the Yoast SEO plugin v25.6 - https:\/\/yoast.com\/wordpress\/plugins\/seo\/ -->\n<title>Cart - Rovus<\/title>\n<meta name=\"robots\" content=\"index, follow, max-snippet:-1, max-image-preview:large, max-video-preview:-1\" \/>\n<link rel=\"canonical\" href=\"https:\/\/rovus.hr\/cart\/\" \/>\n<meta property=\"og:locale\" content=\"en_US\" \/>\n<meta property=\"og:type\" content=\"article\" \/>\n<meta property=\"og:title\" content=\"Cart - Rovus\" \/>\n<meta property=\"og:url\" content=\"https:\/\/rovus.hr\/cart\/\" \/>\n<meta property=\"og:site_name\" content=\"Rovus\" \/>\n<meta property=\"article:publisher\" content=\"https:\/\/www.facebook.com\/RovusHrvatska\/?locale=hr_HR\" \/>\n<meta property=\"article:modified_time\" content=\"2024-07-17T11:32:34+00:00\" \/>\n<meta name=\"twitter:card\" content=\"summary_large_image\" \/>\n<script type=\"application\/ld+json\" class=\"yoast-schema-graph\">{\"@context\":\"https:\/\/schema.org\",\"@graph\":[{\"@type\":\"WebPage\",\"@id\":\"https:\/\/rovus.hr\/cart\/\",\"url\":\"https:\/\/rovus.hr\/cart\/\",\"name\":\"Cart - Rovus\",\"isPartOf\":{\"@id\":\"https:\/\/rovus.hr\/#website\"},\"datePublished\":\"2024-07-17T11:30:31+00:00\",\"dateModified\":\"2024-07-17T11:32:34+00:00\",\"breadcrumb\":{\"@id\":\"https:\/\/rovus.hr\/cart\/#breadcrumb\"},\"inLanguage\":\"en-US\",\"potentialAction\":[{\"@type\":\"ReadAction\",\"target\":[\"https:\/\/rovus.hr\/cart\/\"]}]},{\"@type\":\"BreadcrumbList\",\"@id\":\"https:\/\/rovus.hr\/cart\/#breadcrumb\",\"itemListElement\":[{\"@type\":\"ListItem\",\"position\":1,\"name\":\"Home\",\"item\":\"https:\/\/rovus.hr\/en\/\"},{\"@type\":\"ListItem\",\"position\":2,\"name\":\"Cart\"}]},{\"@type\":\"WebSite\",\"@id\":\"https:\/\/rovus.hr\/#website\",\"url\":\"https:\/\/rovus.hr\/\",\"name\":\"Rovus\",\"description\":\"\",\"potentialAction\":[{\"@type\":\"SearchAction\",\"target\":{\"@type\":\"EntryPoint\",\"urlTemplate\":\"https:\/\/rovus.hr\/?s={search_term_string}\"},\"query-input\":{\"@type\":\"PropertyValueSpecification\",\"valueRequired\":true,\"valueName\":\"search_term_string\"}}],\"inLanguage\":\"en-US\"}]}<\/script>\n<!-- \/ Yoast SEO plugin. -->","yoast_head_json":{"title":"Cart - Rovus","robots":{"index":"index","follow":"follow","max-snippet":"max-snippet:-1","max-image-preview":"max-image-preview:large","max-video-preview":"max-video-preview:-1"},"canonical":"https:\/\/rovus.hr\/cart\/","og_locale":"en_US","og_type":"article","og_title":"Cart - Rovus","og_url":"https:\/\/rovus.hr\/cart\/","og_site_name":"Rovus","article_publisher":"https:\/\/www.facebook.com\/RovusHrvatska\/?locale=hr_HR","article_modified_time":"2024-07-17T11:32:34+00:00","twitter_card":"summary_large_image","schema":{"@context":"https:\/\/schema.org","@graph":[{"@type":"WebPage","@id":"https:\/\/rovus.hr\/cart\/","url":"https:\/\/rovus.hr\/cart\/","name":"Cart - Rovus","isPartOf":{"@id":"https:\/\/rovus.hr\/#website"},"datePublished":"2024-07-17T11:30:31+00:00","dateModified":"2024-07-17T11:32:34+00:00","breadcrumb":{"@id":"https:\/\/rovus.hr\/cart\/#breadcrumb"},"inLanguage":"en-US","potentialAction":[{"@type":"ReadAction","target":["https:\/\/rovus.hr\/cart\/"]}]},{"@type":"BreadcrumbList","@id":"https:\/\/rovus.hr\/cart\/#breadcrumb","itemListElement":[{"@type":"ListItem","position":1,"name":"Home","item":"https:\/\/rovus.hr\/en\/"},{"@type":"ListItem","position":2,"name":"Cart"}]},{"@type":"WebSite","@id":"https:\/\/rovus.hr\/#website","url":"https:\/\/rovus.hr\/","name":"Rovus","description":"","potentialAction":[{"@type":"SearchAction","target":{"@type":"EntryPoint","urlTemplate":"https:\/\/rovus.hr\/?s={search_term_string}"},"query-input":{"@type":"PropertyValueSpecification","valueRequired":true,"valueName":"search_term_string"}}],"inLanguage":"en-US"}]}},"_links":{"self":[{"href":"https:\/\/rovus.hr\/en\/wp-json\/wp\/v2\/pages\/13"}],"collection":[{"href":"https:\/\/rovus.hr\/en\/wp-json\/wp\/v2\/pages"}],"about":[{"href":"https:\/\/rovus.hr\/en\/wp-json\/wp\/v2\/types\/page"}],"author":[{"embeddable":true,"href":"https:\/\/rovus.hr\/en\/wp-json\/wp\/v2\/users\/1"}],"replies":[{"embeddable":true,"href":"https:\/\/rovus.hr\/en\/wp-json\/wp\/v2\/comments?post=13"}],"version-history":[{"count":0,"href":"https:\/\/rovus.hr\/en\/wp-json\/wp\/v2\/pages\/13\/revisions"}],"wp:attachment":[{"href":"https:\/\/rovus.hr\/en\/wp-json\/wp\/v2\/media?parent=13"}],"curies":[{"name":"wp","href":"https:\/\/api.w.org\/{rel}","templated":true}]}}